{"id":18459,"date":"2021-01-18T10:48:10","date_gmt":"2021-01-18T10:48:10","guid":{"rendered":"https:\/\/lifestylemogul.net\/ueber-mich\/"},"modified":"2023-04-04T07:55:36","modified_gmt":"2023-04-04T07:55:36","slug":"sobre-mi","status":"publish","type":"page","link":"https:\/\/lifestylemogul.net\/es\/sobre-mi\/","title":{"rendered":"Sobre mi"},"content":{"rendered":"<div class=\"wpb-content-wrapper\"><p>[vc_row][vc_column width=\u00bb1\/1&#8243;]\n\t\t\t\t<p class=\"rs-p-wp-fix\"><\/p>\n\t\t\t\t<sr7-module data-alias=\"sobre-mi\" data-id=\"21\" id=\"SR7_21_1\" data-version=\"6.7.41\">\n\t\t\t\t\t<sr7-adjuster><\/sr7-adjuster>\n\t\t\t\t\t<sr7-content>\n\t\t\t\t\t\t<sr7-slide id=\"SR7_21_1-61\" data-key=\"61\">\n\t\t\t\t\t\t\t<sr7-bg id=\"SR7_21_1-61-slidebg\" class=\"sr7-layer\"><noscript><img decoding=\"async\" src=\"https:\/\/lifestylemogul.net\/wp-content\/uploads\/2021\/01\/Franzi_2018_1353_k.jpg\" alt=\"\" title=\"Sobre mi\"><\/noscript><\/sr7-bg>\n\t\t\t\t\t\t\t<sr7-txt id=\"SR7_21_1-61-1\" class=\"sr7-layer\">\u00a1HOLA!<\/sr7-txt>\n\t\t\t\t\t\t\t<sr7-txt id=\"SR7_21_1-61-2\" class=\"sr7-layer\">YO SOY FRANZISKA SCHREIBER<\/sr7-txt>\n\t\t\t\t\t\t<\/sr7-slide>\n\t\t\t\t\t<\/sr7-content>\n\t\t\t\t<\/sr7-module>\n\t\t\t\t<script>\n\t\t\t\t\tSR7.PMH ??={}; SR7.PMH[\"SR7_21_1\"] = {cn:100,state:false,fn: function() { if (_tpt!==undefined && _tpt.prepareModuleHeight !== undefined) {  _tpt.prepareModuleHeight({id:\"SR7_21_1\",el:[],type:'hero',shdw:'0',gh:[600,500,500,500],gw:[1420,1024,1024,1024],vpt:['-200px'],size:{fullWidth:true, fullHeight:false},mh:'0',onh:0,onw:0,bg:{color:'transparent'},plType:'-1',plColor:'#FFFFFF'});   SR7.PMH[\"SR7_21_1\"].state=true;} else if(SR7.PMH[\"SR7_21_1\"].cn-->0)\tsetTimeout( SR7.PMH[\"SR7_21_1\"].fn,19);}};SR7.PMH[\"SR7_21_1\" ].fn();\n\t\t\t\t<\/script>\n[\/vc_column][\/vc_row][vc_row][vc_column width=\u00bb1\/1&#8243;]<div class=\"headline font-special fontsize-xxl fontweight-400 lh-inherit align-center transform-inherit \" style=\"margin: 20px 0 20px 0;\">Su experta en <strong>Ibiza.<\/strong><\/div><div class=\"headline font-inherit fontsize-m fontweight-inherit lh-inherit align-center transform-inherit \" style=\"margin: 0 0 20px 0; color: #999999;\">Las vacaciones son especiales y deben ser fuente de recuerdos inolvidables. Para asegurarles de que el bien merecido descanso cumple con sus expectativas, ofrezco a todos mis clientes, particulares y empresas, una atenci\u00f3n completamente personalizada en la isla balear de Ibiza.<\/div><div class=\"divider divider8\" style='margin:60px 0 60px 0 !important;'><div class=\"divider-icon\"><i class=\"fa fa-anchor\"><\/i><\/div><\/div><div class=\"headline font-special fontsize-xxl fontweight-400 lh-inherit align-center transform-inherit \" style=\"margin: 20px 0 20px 0;\">Acerca de <strong>mi.<\/strong><\/div><div class=\"headline font-inherit fontsize-m fontweight-inherit lh-inherit align-center transform-inherit \" style=\"margin: 0 0 20px 0; color: #999999;\">Ya sea un alquiler de yates de lujo, un barco peque\u00f1o por un d\u00eda, una villa para toda la estancia o simplemente el consejo de un restaurante: la confianza siempre es clave. Lea un poco m\u00e1s sobre m\u00ed aqu\u00ed para que sepa en qui\u00e9n conf\u00eda realmente para sus planes de vacaciones.<\/div><div class=\"spacer\" style=\"height: 40px;\"><\/div>[\/vc_column][\/vc_row][vc_row][vc_column width=\u00bb1\/2&#8243;]<div class=\"single_image wpb_content_element align-left    \" data-animation=\"none\" data-delay=\"0\"><img decoding=\"async\" width=\"408\" height=\"612\" src=\"https:\/\/lifestylemogul.net\/wp-content\/uploads\/2019\/02\/Franzi_2018_0981_k_klein-e1739535430689.jpg\" class=\"attachment-full\" alt=\"Franzi 2018 0981 k klein\" title=\"Franzi 2018 0981 k klein\" \/><\/div>[\/vc_column][vc_column width=\u00bb1\/2&#8243;]<div class=\"headline font-inherit fontsize-m fontweight-300 lh-19 align-left transform-inherit \" style=\"margin: 0 0 20px 0; color: #999999;\">Llevo muchos a\u00f1os viviendo y trabajando en Ibiza, donde, mientras tanto, he echado y extendido mis ra\u00edces. Ya en mis tiempos de secretaria y asistente personal en alta direcci\u00f3n de financieros para una empresa internacional, me enamor\u00e9 de la isla m\u00e1s hermosa de las Baleares: Ibiza.<br \/>\nDespu\u00e9s de muchos a\u00f1os en la alta direcci\u00f3n, me desped\u00ed de Munich a seguir mi sue\u00f1o.<\/div><div class=\"spacer\" style=\"height: 30px;\"><\/div><div class=\"headline font-inherit fontsize-m fontweight-300 lh-19 align-left transform-inherit \" style=\"margin: 0 0 20px 0; color: #999999;\">Con Lifestyle Mogul junto toda mi experiencia en planificaci\u00f3n de eventos, gastronom\u00eda y especialmente como agente de alquiler de barcos que desempe\u00f1o hace muchos a\u00f1os. Gracias a ello puedo dedicarme a lo que realmente disfruto: \u00a1Organizar d\u00edas y vacaciones inolvidables en la hermosa isla de Ibiza!<\/div>[\/vc_column][vc_column]<div class=\"divider divider8\" style='margin:60px 0 60px 0 !important;'><div class=\"divider-icon\"><i class=\"fa fa-anchor\"><\/i><\/div><\/div><div class=\"headline font-special fontsize-xxl fontweight-400 lh-inherit align-center transform-inherit \" style=\"margin: 20px 0 20px 0;\">Let me change the way you <strong>holiday.<\/strong><\/div><div class=\"headline font-inherit fontsize-m fontweight-inherit lh-inherit align-center transform-inherit \" style=\"margin: 0 0 20px 0; color: #999999;\">\u00bfPor qu\u00e9 reservar conmigo? Aqu\u00ed un resumen de las ventajas.<\/div>[\/vc_column][\/vc_row][vc_row bg_image=\u00bb15311&#8243; top_padding=\u00bb40&#8243; bottom_padding=\u00bb40&#8243;][vc_column width=\u00bb1\/4&#8243;]<div class=\"iconbox  iconbox-style-7 icon-color-accent color-dark clearfix\"><i class=\"fa fa-euro boxicon\" style=\"\"><\/i><h3>Mejor precio garantizado<\/h3><p>Conf\u00ede en el punto de contacto directo con todas las embarcaciones de alquiler en Ibiza, gracias a mi larga experiencia en el sector n\u00e1utico.\u00a0<span lang=\"es\">Precios directos y las mejores ofertas sin cuotas de reserva ni membres\u00edas adicionales.<\/span><\/p><\/div>[\/vc_column][vc_column width=\u00bb1\/4&#8243;]<div class=\"iconbox  iconbox-style-7 icon-color-accent color-dark clearfix\"><i class=\"fa fa-anchor boxicon\" style=\"\"><\/i><h3>Libertad<\/h3><p>\n<p dir=\"ltr\" data-placeholder=\"\u00dcbersetzung\">Disfrute de la libertad de que no estoy atada a ninguna flota espec\u00edfica y que estoy 100% enfocado en sus deseos. Me concentro solo en lo que realmente satisface sus necesidades, en todos los rangos de precios.<\/p>\n<\/p><\/div>[\/vc_column][vc_column width=\u00bb1\/4&#8243;]<div class=\"iconbox  iconbox-style-7 icon-color-accent color-dark clearfix\"><i class=\"fa fa-female boxicon\" style=\"\"><\/i><h3>Cercan\u00eda<\/h3><p>\n<p class=\"tw-data-text tw-text-large XcVN5d tw-ta\" dir=\"ltr\" data-placeholder=\"\u00dcbersetzung\"><span lang=\"es\">Aunque las circunstancias y los planes cambien constantemente durante sus vacaciones,<\/span>\u00a0conmigo siempre tendr\u00e1 la misma persona de contacto para todas las ocasiones.\u00a0<span lang=\"es\">Desde la planificaci\u00f3n hasta su viaje de regreso, l<\/span>e apoyar\u00e9 en todo momento.<\/p>\n<\/p><\/div>[\/vc_column][vc_column width=\u00bb1\/4&#8243;]<div class=\"iconbox  iconbox-style-7 icon-color-accent color-dark clearfix\"><i class=\"fa fa-phone boxicon\" style=\"\"><\/i><h3>Comunicaci\u00f3n<\/h3><p>P\u00f3ngase en contacto conmigo de manera sencilla, en cualquier momento ya sea en alem\u00e1n, espa\u00f1ol o ingl\u00e9s. F\u00e1cilmente a trav\u00e9s WhatsApp, por tel\u00e9fono, correo electr\u00f3nico y, por supuesto, personalmente. Como Franzi o Sra. Schreiber, como usted prefiera.<\/p><\/div>[\/vc_column][\/vc_row][vc_row][vc_column width=\u00bb1\/1&#8243;]<div class=\"divider divider8\" style='margin:60px 0 60px 0 !important;'><div class=\"divider-icon\"><i class=\"fa fa-anchor\"><\/i><\/div><\/div><div class=\"headline font-special fontsize-xxl fontweight-400 lh-inherit align-center transform-inherit \" style=\"margin: 20px 0 20px 0;\">Referencias <strong>en prensa.<\/strong><\/div><div class=\"headline font-inherit fontsize-m fontweight-inherit lh-inherit align-center transform-inherit \" style=\"margin: 0 0 20px 0; color: #999999;\">En varias ocasiones la televisi\u00f3n alemana me ha acompa\u00f1ado para informar sobre el alquiler de barcos en Ibiza. Aqu\u00ed encontrar\u00e1n una selecci\u00f3n de videos y blogs presentando Lifestyle Mogul.<br \/>\nHaga clic en las im\u00e1genes para acceder al art\u00edculo correspondiente.<\/div><div class=\"spacer\" style=\"height: 40px;\"><\/div>[\/vc_column][\/vc_row][vc_row][vc_column width=\u00bb1\/3&#8243;]<a href=\"https:\/\/www.prosieben.de\/stars\/red\/video\/red-vom-27-06-2019-ganze-folge?utm_source=eichholz&#038;utm_medium=affiliate&#038;utm_term=influencer&#038;utm_campaign=1001\" target=\"_self\" class=\"catimage wpb_content_element color-dark\" style=\"height: 300px;;\">\n\t\t\t<span style=\"background-image: url(https:\/\/lifestylemogul.net\/wp-content\/uploads\/2021\/01\/pro7_red_image.jpg); height: 300px;;\"><\/span>\n\t\t\t<div class=\"catimage-overlay clearfix\" style=\"height: 300px;;\">\n\t\t\t\t<div class=\"catimage-text\">Pro7 \u00abRed\u00bb \/ 27.06.2019<\/div>\n\t\t\t<\/div><\/a>[\/vc_column][vc_column width=\u00bb1\/3&#8243;]<a href=\"https:\/\/www.facebook.com\/taff\/videos\/278503726744533\" target=\"_blank\" class=\"catimage wpb_content_element color-light\" style=\"height: 300px;;\">\n\t\t\t<span style=\"background-image: url(https:\/\/lifestylemogul.net\/wp-content\/uploads\/2021\/01\/Taff_logo.png); height: 300px;;\"><\/span>\n\t\t\t<div class=\"catimage-overlay clearfix\" style=\"height: 300px;;\">\n\t\t\t\t<div class=\"catimage-text\">Pro7 \u00abTaff\u00bb \/ 23.07.2020<\/div>\n\t\t\t<\/div><\/a>[\/vc_column][vc_column width=\u00bb1\/3&#8243;][vc_column_text]<\/p>\n<h4><span style=\"color: #847040;\">Entrevista con Gerry Trinkl sobre el alquiler de barcos en Ibiza 2020.<\/span><\/h4>\n<p>[\/vc_column_text]<div class=\"video-embed  wpb_content_element\"><iframe title=\"Lifestyle-Insider.com Close-Up mit Franziska Schreiber von Lifestyle Mogul &amp; Gerry Trinkl\" width=\"1161\" height=\"653\" src=\"https:\/\/www.youtube.com\/embed\/opiz5O1q3Tk?feature=oembed\" frameborder=\"0\" allow=\"accelerometer; autoplay; clipboard-write; encrypted-media; gyroscope; picture-in-picture; web-share\" referrerpolicy=\"strict-origin-when-cross-origin\" allowfullscreen><\/iframe><\/div>[\/vc_column][\/vc_row][vc_row][vc_column width=\u00bb1\/1&#8243;]<div class=\"spacer\" style=\"height: 20px;\"><\/div>[\/vc_column][\/vc_row][vc_row][vc_column width=\u00bb1\/3&#8243;]<a href=\"https:\/\/reisevergnuegen.com\/formentera-balearen-mittelmeer\/\" target=\"_blank\" class=\"catimage wpb_content_element color-dark\" style=\"height: 300px;;\">\n\t\t\t<span style=\"background-image: url(https:\/\/lifestylemogul.net\/wp-content\/uploads\/2021\/01\/ibiza_reisevergn\u00fcgen.jpg); height: 300px;;\"><\/span>\n\t\t\t<div class=\"catimage-overlay clearfix\" style=\"height: 300px;;\">\n\t\t\t\t<div class=\"catimage-text\">Reisevergn\u00fcgen.com, 11 consejos de Ibiza \/ 29.08.2020<\/div>\n\t\t\t<\/div><\/a>[\/vc_column][vc_column width=\u00bb1\/3&#8243;]<a href=\"https:\/\/www.thewhiteisle.co.uk\/the-best-boat-charters-in-ibiza\/\" target=\"_blank\" class=\"catimage wpb_content_element color-light\" style=\"height: 300px;;\">\n\t\t\t<span style=\"background-image: url(https:\/\/lifestylemogul.net\/wp-content\/uploads\/2021\/01\/118282939_2631571743726578_959287178116370006_o.jpg); height: 300px;;\"><\/span>\n\t\t\t<div class=\"catimage-overlay clearfix\" style=\"height: 300px;;\">\n\t\t\t\t<div class=\"catimage-text\">The white Isle &#8211; los mejores alquileres de barcos en Ibiza \/ 15.06.2020<\/div>\n\t\t\t<\/div><\/a>[\/vc_column][vc_column width=\u00bb1\/3&#8243;]<a href=\"https:\/\/www.streifzugmedia.com\/bericht\/ibiza-mi-amor\/\" target=\"_blank\" class=\"catimage wpb_content_element color-light\" style=\"height: 300px;;\">\n\t\t\t<span style=\"background-image: url(https:\/\/lifestylemogul.net\/wp-content\/uploads\/2021\/01\/20210120_165322_1.jpg); height: 300px;;\"><\/span>\n\t\t\t<div class=\"catimage-overlay clearfix\" style=\"height: 300px;;\">\n\t\t\t\t<div class=\"catimage-text\">Streifzug Media Print y Online \/ Primavera 2019 <\/div>\n\t\t\t<\/div><\/a>[\/vc_column][\/vc_row][vc_row][vc_column width=\u00bb1\/1&#8243;]<div class=\"divider divider8\" style='margin:60px 0 60px 0 !important;'><div class=\"divider-icon\"><i class=\"fa fa-anchor\"><\/i><\/div><\/div><div class=\"headline font-special fontsize-xxl fontweight-400 lh-inherit align-center transform-inherit \" style=\"margin: 20px 0 20px 0;\">Bienvenidos <strong> a bordo.<\/strong><\/div><div class=\"headline font-inherit fontsize-m fontweight-inherit lh-inherit align-center transform-inherit \" style=\"margin: 0 0 20px 0; color: #999999;\">\u00a1Espero poder darle la bienvenida a bordo y a nuestra isla pronto!<br \/>\nCont\u00e1ctenme como prefieran, las posibilidades son casi ilimitadas a dia de hoy.<\/div><div class=\"spacer\" style=\"height: 40px;\"><\/div>[\/vc_column][\/vc_row][vc_row][vc_column width=\u00bb1\/3&#8243;]<div class=\"single_image wpb_content_element align-left    \" data-animation=\"none\" data-delay=\"0\"><img decoding=\"async\" width=\"1440\" height=\"885\" src=\"https:\/\/lifestylemogul.net\/wp-content\/uploads\/2021\/01\/franziska_schreiber_yacht.jpg\" class=\"attachment-full\" alt=\"\" title=\"franziska_schreiber_yacht\" srcset=\"https:\/\/lifestylemogul.net\/wp-content\/uploads\/2021\/01\/franziska_schreiber_yacht.jpg 1440w, https:\/\/lifestylemogul.net\/wp-content\/uploads\/2021\/01\/franziska_schreiber_yacht-300x184.jpg 300w, https:\/\/lifestylemogul.net\/wp-content\/uploads\/2021\/01\/franziska_schreiber_yacht-768x472.jpg 768w, https:\/\/lifestylemogul.net\/wp-content\/uploads\/2021\/01\/franziska_schreiber_yacht-1024x629.jpg 1024w\" sizes=\"(max-width: 1440px) 100vw, 1440px\" \/><\/div>[\/vc_column][vc_column width=\u00bb1\/3&#8243;]<a href=\"http:\/\/\" target=\"_self\" class=\"button custom full \" style=\"background-color: #847040; border-color: #847040;border-radius: 20px;\"><i class='fa fa-envelope'><\/i>info@lifestylemogul.net<\/a><div class=\"spacer\" style=\"height: 20px;\"><\/div><a href=\"http:\/\/\" target=\"_self\" class=\"button custom full \" style=\"background-color: #847040; border-color: #847040;border-radius: 20px;\"><i class='fa fa-phone'><\/i>+34 665 116 951<\/a><div class=\"spacer\" style=\"height: 20px;\"><\/div><div class=\"callout clearfix\" style=\"background-color:#efefef; color:#847040;\">\n\t\t<div class=\"callout-text\"><\/div>\n\t\t\t<div class=\"callout-button\"><a class=\"button medium color-2\" href=\"https:\/\/lifestylemogul.net\/es\/yacht-charter-ibiza\/\" target=\"_blank\">Ver los barcos<\/a><\/div>\n\t\t<\/div>[\/vc_column][vc_column width=\u00bb1\/3&#8243;]<a href=\"https:\/\/wa.link\/sdxxpa\" target=\"_blank\" class=\"button custom full \" style=\"background-color: #847040; border-color: #847040;border-radius: 20px;\"><i class='fa fa-whatsapp'><\/i>Mandame un WhatsApp!<\/a><div class=\"spacer\" style=\"height: 20px;\"><\/div><a href=\"https:\/\/www.instagram.com\/lifestyle_mogul\/\" target=\"_blank\" class=\"button custom full \" style=\"background-color: #847040; border-color: #847040;border-radius: 20px;\"><i class='fa fa-instagram'><\/i>Siguenme en Instagram<\/a><div class=\"spacer\" style=\"height: 20px;\"><\/div><a href=\"https:\/\/www.facebook.com\/franziska.schreiber.526\" target=\"_blank\" class=\"button custom full \" style=\"background-color: #847040; border-color: #847040;border-radius: 20px;\"><i class='fa fa-facebook'><\/i>Dame un me gusta en Facebook<\/a><div class=\"spacer\" style=\"height: 20px;\"><\/div><a href=\"https:\/\/www.linkedin.com\/in\/franziska-schreiber-74a805155\" target=\"_blank\" class=\"button custom full \" style=\"background-color: #847040; border-color: #847040;border-radius: 20px;\"><i class='fa fa-linkedin'><\/i>Encuentrame en Linked-in<\/a>[\/vc_column][\/vc_row]<\/p>\n<\/div>","protected":false},"excerpt":{"rendered":"<p>[vc_row][vc_column width=\u00bb1\/1&#8243;][\/vc_column][\/vc_row][vc_row][vc_column width=\u00bb1\/1&#8243;][\/vc_column][\/vc_row][vc_row][vc_column width=\u00bb1\/2&#8243;][\/vc_column][vc_column width=\u00bb1\/2&#8243;][\/vc_column][vc_column][\/vc_column][\/vc_row][vc_row bg_image=\u00bb15311&#8243; top_padding=\u00bb40&#8243; bottom_padding=\u00bb40&#8243;][vc_column width=\u00bb1\/4&#8243;][\/vc_column][vc_column width=\u00bb1\/4&#8243;][\/vc_column][vc_column width=\u00bb1\/4&#8243;][\/vc_column][vc_column width=\u00bb1\/4&#8243;][\/vc_column][\/vc_row][vc_row][vc_column width=\u00bb1\/1&#8243;][\/vc_column][\/vc_row][vc_row][vc_column width=\u00bb1\/3&#8243;][\/vc_column][vc_column width=\u00bb1\/3&#8243;][\/vc_column][vc_column width=\u00bb1\/3&#8243;][vc_column_text] Entrevista con Gerry Trinkl sobre el alquiler de barcos en Ibiza 2020. [\/vc_column_text][\/vc_column][\/vc_row][vc_row][vc_column width=\u00bb1\/1&#8243;][\/vc_column][\/vc_row][vc_row][vc_column width=\u00bb1\/3&#8243;][\/vc_column][vc_column width=\u00bb1\/3&#8243;][\/vc_column][vc_column width=\u00bb1\/3&#8243;][\/vc_column][\/vc_row][vc_row][vc_column width=\u00bb1\/1&#8243;][\/vc_column][\/vc_row][vc_row][vc_column width=\u00bb1\/3&#8243;][\/vc_column][vc_column width=\u00bb1\/3&#8243;][\/vc_column][vc_column width=\u00bb1\/3&#8243;][\/vc_column][\/vc_row]<\/p>\n","protected":false},"author":2,"featured_media":0,"parent":0,"menu_order":0,"comment_status":"closed","ping_status":"closed","template":"","meta":{"om_disable_all_campaigns":false,"footnotes":""},"class_list":["post-18459","page","type-page","status-publish","hentry"],"aioseo_notices":[],"_links":{"self":[{"href":"https:\/\/lifestylemogul.net\/es\/wp-json\/wp\/v2\/pages\/18459","targetHints":{"allow":["GET"]}}],"collection":[{"href":"https:\/\/lifestylemogul.net\/es\/wp-json\/wp\/v2\/pages"}],"about":[{"href":"https:\/\/lifestylemogul.net\/es\/wp-json\/wp\/v2\/types\/page"}],"author":[{"embeddable":true,"href":"https:\/\/lifestylemogul.net\/es\/wp-json\/wp\/v2\/users\/2"}],"replies":[{"embeddable":true,"href":"https:\/\/lifestylemogul.net\/es\/wp-json\/wp\/v2\/comments?post=18459"}],"version-history":[{"count":3,"href":"https:\/\/lifestylemogul.net\/es\/wp-json\/wp\/v2\/pages\/18459\/revisions"}],"predecessor-version":[{"id":18658,"href":"https:\/\/lifestylemogul.net\/es\/wp-json\/wp\/v2\/pages\/18459\/revisions\/18658"}],"wp:attachment":[{"href":"https:\/\/lifestylemogul.net\/es\/wp-json\/wp\/v2\/media?parent=18459"}],"curies":[{"name":"wp","href":"https:\/\/api.w.org\/{rel}","templated":true}]}}