{"id":18025,"date":"2020-01-27T16:42:36","date_gmt":"2020-01-27T16:42:36","guid":{"rendered":"https:\/\/lifestylemogul.net\/yacht-charter-ibiza-charter-without-captain\/"},"modified":"2023-04-04T07:55:58","modified_gmt":"2023-04-04T07:55:58","slug":"yacht-charter-ibiza-alquiler-sin-capitan","status":"publish","type":"page","link":"https:\/\/lifestylemogul.net\/es\/yacht-charter-ibiza-alquiler-sin-capitan\/","title":{"rendered":"Alquiler sin capit\u00e1n"},"content":{"rendered":"<div class=\"wpb-content-wrapper\"><p>[vc_row][vc_column width=\u00bb1\/1&#8243;]<div class=\"minti_carousel  grab-false dots\" data-columns=\"3\" data-tabletcolumns=\"3\" data-nav=\"true\" data-pagination=\"true\" data-autoplay=\"true\" data-animationtime=\"4000\"><a href=\"https:\/\/lifestylemogul.net\/es\/ibiza-yacht-charter-barcosamotor-sin-capitan\" target=\"_blank\" class=\"catimage wpb_content_element color-light\" style=\"height: 150px;\">\n\t\t\t<span style=\"background-image: url(https:\/\/lifestylemogul.net\/wp-content\/uploads\/2020\/01\/Cap_Camarat_guest.jpg); height: 150px;\"><\/span>\n\t\t\t<div class=\"catimage-overlay clearfix\" style=\"height: 150px;\">\n\t\t\t\t<div class=\"catimage-text\">Barcos a motor<\/div>\n\t\t\t<\/div><\/a><a href=\"https:\/\/lifestylemogul.net\/es\/neumaticas-sin-capitan\/\" target=\"_self\" class=\"catimage wpb_content_element color-light\" style=\"height: 150px;\">\n\t\t\t<span style=\"background-image: url(https:\/\/lifestylemogul.net\/wp-content\/uploads\/2020\/01\/nj30_gw_lifestylemogul2.jpg); height: 150px;\"><\/span>\n\t\t\t<div class=\"catimage-overlay clearfix\" style=\"height: 150px;\">\n\t\t\t\t<div class=\"catimage-text\">Neumaticas<\/div>\n\t\t\t<\/div><\/a><a href=\"https:\/\/lifestylemogul.net\/en\/yacht-charter-ibiza-charter-without-captain\/\" target=\"_blank\" class=\"catimage wpb_content_element color-light\" style=\"height: 150px;\">\n\t\t\t<span style=\"background-image: url(https:\/\/lifestylemogul.net\/wp-content\/uploads\/2020\/01\/Ariel-VIII.jpg); height: 150px;\"><\/span>\n\t\t\t<div class=\"catimage-overlay clearfix\" style=\"height: 150px;\">\n\t\t\t\t<div class=\"catimage-text\">Veleros<\/div>\n\t\t\t<\/div><\/a><\/div><div class=\"headline font-special fontsize-xxl fontweight-400 lh-inherit align-center transform-inherit \" style=\"margin: 20px 0 20px 0;\">Alquiler <strong>sin capit\u00e1n.<\/strong><\/div><div class=\"headline font-inherit fontsize-m fontweight-inherit lh-inherit align-center transform-inherit \" style=\"margin: 0 0 20px 0; color: #999999;\">Tenemos una gran selecci\u00f3n de barcos en Ibiza que puedes alquilar sin capit\u00e1n para conducirlos por tu cuenta. Aqu\u00ed encontrar\u00e1 todos los detalles necesarios que necesita saber y, por supuesto, qu\u00e9 barcos est\u00e1n disponibles para alquilar un barco sin tripulaci\u00f3n.<\/p>\n<p>Si tiene m\u00e1s preguntas, no dude en ponerse en contacto en cualquier momento +34 665 116 951.<\/div><div class=\"divider divider8\" style='margin:60px 0 60px 0 !important;'><div class=\"divider-icon\"><i class=\"fa fa-anchor\"><\/i><\/div><\/div>[\/vc_column][\/vc_row][vc_row bg_image=\u00bb15436&#8243;][vc_column width=\u00bb1\/3&#8243;]<div class=\"spacer\" style=\"height: 40px;\"><\/div><div class=\"iconbox  iconbox-style-7 icon-color-accent color-dark clearfix\"><i class=\"fa fa-graduation-cap boxicon\" style=\"\"><\/i><h3>Requisitos<\/h3><p>\n<ul>\n<li style=\"text-align: left;\">Licencia de barcos (M\/Y o neumaticas)<\/li>\n<li style=\"text-align: left;\">Licencia y experiencia de veleros (veleros)<\/li>\n<li style=\"text-align: left;\">Tarjeta de credito para la fianza<\/li>\n<\/ul>\n<\/p><\/div><div class=\"spacer\" style=\"height: 40px;\"><\/div>[\/vc_column][vc_column width=\u00bb1\/3&#8243;]<div class=\"spacer\" style=\"height: 40px;\"><\/div><div class=\"iconbox  iconbox-style-7 icon-color-accent color-dark clearfix\"><i class=\"fa fa-check boxicon\" style=\"\"><\/i><h3>Check-in<\/h3><p>\n<ul>\n<li style=\"text-align: left;\">Explicaci\u00f3n del barco<\/li>\n<li style=\"text-align: left;\">Entrega del barco con deposito de gasolina lleno<\/li>\n<li style=\"text-align: left;\">Explicaci\u00f3n de posibles rutas del d\u00eda<\/li>\n<\/ul>\n<\/p><\/div><div class=\"spacer\" style=\"height: 40px;\"><\/div>[\/vc_column][vc_column width=\u00bb1\/3&#8243;]<div class=\"spacer\" style=\"height: 40px;\"><\/div><div class=\"iconbox  iconbox-style-7 icon-color-accent color-dark clearfix\"><i class=\"fa fa-anchor boxicon\" style=\"\"><\/i><h3>Check-out<\/h3><p>\n<ul>\n<li style=\"text-align: left;\">Llenar tanque de gasolina<\/li>\n<li style=\"text-align: left;\">Control del barco<\/li>\n<li style=\"text-align: left;\">Devoluci\u00f3n de la fianza<\/li>\n<\/ul>\n<\/p><\/div><div class=\"spacer\" style=\"height: 40px;\"><\/div>[\/vc_column][\/vc_row][vc_row][vc_column width=\u00bb1\/1&#8243;]<div class=\"divider divider8\" style='margin:60px 0 60px 0 !important;'><div class=\"divider-icon\"><i class=\"fa fa-anchor\"><\/i><\/div><\/div>[\/vc_column][\/vc_row][vc_row][vc_column width=\u00bb1\/1&#8243;]<div class=\"headline font-special fontsize-xxl fontweight-400 lh-inherit align-center transform-inherit \" style=\"margin: 20px 0 20px 0;\">Selecci\u00f3n de <strong>barcos.<\/strong><\/div><div class=\"headline font-inherit fontsize-m fontweight-inherit lh-inherit align-center transform-inherit \" style=\"margin: 0 0 20px 0; color: #999999;\">Haga clic en las im\u00e1genes para acceder a la categor\u00eda correspondiente.<\/div>[\/vc_column][\/vc_row][vc_row][vc_column width=\u00bb1\/3&#8243;]<a href=\"https:\/\/lifestylemogul.net\/es\/ibiza-yacht-charter-barcosamotor-sin-capitan\/\" target=\"_blank\" class=\"catimage wpb_content_element color-light\" style=\"height: 300px;;\">\n\t\t\t<span style=\"background-image: url(https:\/\/lifestylemogul.net\/wp-content\/uploads\/2020\/01\/Cap_Camarat_guest.jpg); height: 300px;;\"><\/span>\n\t\t\t<div class=\"catimage-overlay clearfix\" style=\"height: 300px;;\">\n\t\t\t\t<div class=\"catimage-text\">Barcos a motor<\/div>\n\t\t\t<\/div><\/a>[\/vc_column][vc_column width=\u00bb1\/3&#8243;]<a href=\"https:\/\/lifestylemogul.net\/es\/neumaticas-sin-capitan\/\" target=\"_blank\" class=\"catimage wpb_content_element color-light\" style=\"height: 300px;;\">\n\t\t\t<span style=\"background-image: url(https:\/\/lifestylemogul.net\/wp-content\/uploads\/2020\/01\/nj30_jlc_lifestylemogul1.jpg); height: 300px;;\"><\/span>\n\t\t\t<div class=\"catimage-overlay clearfix\" style=\"height: 300px;;\">\n\t\t\t\t<div class=\"catimage-text\">Neumaticas<\/div>\n\t\t\t<\/div><\/a>[\/vc_column][vc_column width=\u00bb1\/3&#8243;]<a href=\"https:\/\/lifestylemogul.net\/es\/ibiza-yacht-charter-barcosamotor-sin-capitan\/\" target=\"_blank\" class=\"catimage wpb_content_element color-light\" style=\"height: 300px;;\">\n\t\t\t<span style=\"background-image: url(https:\/\/lifestylemogul.net\/wp-content\/uploads\/2020\/01\/Ariel-VIII.jpg); height: 300px;;\"><\/span>\n\t\t\t<div class=\"catimage-overlay clearfix\" style=\"height: 300px;;\">\n\t\t\t\t<div class=\"catimage-text\">Veleros<\/div>\n\t\t\t<\/div><\/a>[\/vc_column][\/vc_row]<\/p>\n<\/div>","protected":false},"excerpt":{"rendered":"<p>[vc_row][vc_column width=\u00bb1\/1&#8243;][\/vc_column][\/vc_row][vc_row bg_image=\u00bb15436&#8243;][vc_column width=\u00bb1\/3&#8243;][\/vc_column][vc_column width=\u00bb1\/3&#8243;][\/vc_column][vc_column width=\u00bb1\/3&#8243;][\/vc_column][\/vc_row][vc_row][vc_column width=\u00bb1\/1&#8243;][\/vc_column][\/vc_row][vc_row][vc_column width=\u00bb1\/1&#8243;][\/vc_column][\/vc_row][vc_row][vc_column width=\u00bb1\/3&#8243;][\/vc_column][vc_column width=\u00bb1\/3&#8243;][\/vc_column][vc_column width=\u00bb1\/3&#8243;][\/vc_column][\/vc_row]<\/p>\n","protected":false},"author":2,"featured_media":0,"parent":0,"menu_order":0,"comment_status":"closed","ping_status":"closed","template":"","meta":{"om_disable_all_campaigns":false,"footnotes":""},"class_list":["post-18025","page","type-page","status-publish","hentry"],"aioseo_notices":[],"_links":{"self":[{"href":"https:\/\/lifestylemogul.net\/es\/wp-json\/wp\/v2\/pages\/18025","targetHints":{"allow":["GET"]}}],"collection":[{"href":"https:\/\/lifestylemogul.net\/es\/wp-json\/wp\/v2\/pages"}],"about":[{"href":"https:\/\/lifestylemogul.net\/es\/wp-json\/wp\/v2\/types\/page"}],"author":[{"embeddable":true,"href":"https:\/\/lifestylemogul.net\/es\/wp-json\/wp\/v2\/users\/2"}],"replies":[{"embeddable":true,"href":"https:\/\/lifestylemogul.net\/es\/wp-json\/wp\/v2\/comments?post=18025"}],"version-history":[{"count":3,"href":"https:\/\/lifestylemogul.net\/es\/wp-json\/wp\/v2\/pages\/18025\/revisions"}],"predecessor-version":[{"id":18656,"href":"https:\/\/lifestylemogul.net\/es\/wp-json\/wp\/v2\/pages\/18025\/revisions\/18656"}],"wp:attachment":[{"href":"https:\/\/lifestylemogul.net\/es\/wp-json\/wp\/v2\/media?parent=18025"}],"curies":[{"name":"wp","href":"https:\/\/api.w.org\/{rel}","templated":true}]}}