{"id":17965,"date":"2020-01-25T11:18:27","date_gmt":"2020-01-25T11:18:27","guid":{"rendered":"https:\/\/lifestylemogul.net\/yacht-charter-ibiza-2\/"},"modified":"2024-02-22T14:57:38","modified_gmt":"2024-02-22T14:57:38","slug":"yacht-charter-ibiza","status":"publish","type":"page","link":"https:\/\/lifestylemogul.net\/es\/yacht-charter-ibiza\/","title":{"rendered":"Yacht Charter Ibiza"},"content":{"rendered":"<div class=\"wpb-content-wrapper\"><p>[vc_row][vc_column width=\u00bb1\/1&#8243;]\n\t\t\t\t<p class=\"rs-p-wp-fix\"><\/p>\n\t\t\t\t<sr7-module data-alias=\"Yacht charter\" data-id=\"18\" id=\"SR7_18_1\" data-version=\"6.7.41\">\n\t\t\t\t\t<sr7-adjuster><\/sr7-adjuster>\n\t\t\t\t\t<sr7-content>\n\t\t\t\t\t\t<sr7-slide id=\"SR7_18_1-58\" data-key=\"58\">\n\t\t\t\t\t\t\t<sr7-bg id=\"SR7_18_1-58-slidebg\" class=\"sr7-layer\"><noscript><img decoding=\"async\" src=\"https:\/\/lifestylemogul.net\/wp-content\/uploads\/2021\/01\/DSC4711.jpg\" alt=\"\" title=\"Yacht Charter Ibiza\"><\/noscript><\/sr7-bg>\n\t\t\t\t\t\t<\/sr7-slide>\n\t\t\t\t\t<\/sr7-content>\n\t\t\t\t<\/sr7-module>\n\t\t\t\t<script>\n\t\t\t\t\tSR7.PMH ??={}; SR7.PMH[\"SR7_18_1\"] = {cn:100,state:false,fn: function() { if (_tpt!==undefined && _tpt.prepareModuleHeight !== undefined) {  _tpt.prepareModuleHeight({id:\"SR7_18_1\",el:[],type:'hero',shdw:'0',gh:[600,600,600,600],gw:[1240,1024,1024,1024],vpt:['-200px'],size:{fullWidth:true, fullHeight:false},mh:'0',onh:0,onw:0,bg:{color:'transparent'},plType:'0',plColor:'#FFFFFF'});   SR7.PMH[\"SR7_18_1\"].state=true;} else if(SR7.PMH[\"SR7_18_1\"].cn-->0)\tsetTimeout( SR7.PMH[\"SR7_18_1\"].fn,19);}};SR7.PMH[\"SR7_18_1\" ].fn();\n\t\t\t\t<\/script>\n[\/vc_column][\/vc_row][vc_row][vc_column width=\u00bb1\/1&#8243;]<div class=\"headline font-special fontsize-xxl fontweight-400 lh-inherit align-center transform-inherit \" style=\"margin: 20px 0 20px 0;\">Yacht <strong>Charter.<\/strong><\/div><div class=\"headline font-inherit fontsize-m fontweight-inherit lh-inherit align-center transform-inherit \" style=\"margin: 0 0 20px 0; color: #999999;\">Lifestyle Mogul os invita a un viaje al caribe de europa. Disfrutad de un d\u00eda de relajaci\u00f3n y mucha diversi\u00f3n! Juntos creamos una experiencia absolutamente inolvidable para que puedan disfrutar el mejor d\u00eda de sus vacaciones en ibiza en barco.<\/p>\n<p>Haz clic en los barcos de abajo y sum\u00e9rgete un poco m\u00e1s en el mundo del alquiler de barcos &#8211; o bien contactenme directamente por tel\u00e9fono o whatsapp en +34 665 116 951 y os ayudo con todas las preguntas para haceros una primera oferta. <\/div><div class=\"spacer\" style=\"height: 40px;\"><\/div>[\/vc_column][\/vc_row][vc_row][vc_column width=\u00bb1\/3&#8243;]<a href=\"https:\/\/lifestylemogul.net\/es\/ibiza-yacht-charter-30ft\/\" target=\"_blank\" class=\"catimage wpb_content_element color-light\" style=\"height: 300px;;\">\n\t\t\t<span style=\"background-image: url(https:\/\/lifestylemogul.net\/wp-content\/uploads\/2020\/01\/SeaRay280-7_lifestylemogul.jpg); height: 300px;;\"><\/span>\n\t\t\t<div class=\"catimage-overlay clearfix\" style=\"height: 300px;;\">\n\t\t\t\t<div class=\"catimage-text\">Barcos peque\u00f1os hasta 40ft<\/div>\n\t\t\t<\/div><\/a>[\/vc_column][vc_column width=\u00bb1\/3&#8243;]<a href=\"https:\/\/lifestylemogul.net\/es\/neumaticas\/\" target=\"_blank\" class=\"catimage wpb_content_element color-light\" style=\"height: 300px;;\">\n\t\t\t<span style=\"background-image: url(https:\/\/lifestylemogul.net\/wp-content\/uploads\/2020\/01\/nj30_gw_lifestylemogul1.jpg); height: 300px;;\"><\/span>\n\t\t\t<div class=\"catimage-overlay clearfix\" style=\"height: 300px;;\">\n\t\t\t\t<div class=\"catimage-text\">Neumaticas<\/div>\n\t\t\t<\/div><\/a>[\/vc_column][vc_column width=\u00bb1\/3&#8243;]<a href=\"https:\/\/lifestylemogul.net\/es\/yacht-charter-ibiza-charter-sin-capitan\/\" target=\"_blank\" class=\"catimage wpb_content_element color-light\" style=\"height: 300px;;\">\n\t\t\t<span style=\"background-image: url(https:\/\/lifestylemogul.net\/wp-content\/uploads\/2020\/01\/Cap_Camarat_guest.jpg); height: 300px;;\"><\/span>\n\t\t\t<div class=\"catimage-overlay clearfix\" style=\"height: 300px;;\">\n\t\t\t\t<div class=\"catimage-text\">Alquiler sin capit\u00e1n<\/div>\n\t\t\t<\/div><\/a>[\/vc_column][\/vc_row][vc_row][vc_column width=\u00bb1\/1&#8243;]<div class=\"spacer\" style=\"height: 40px;\"><\/div>[\/vc_column][\/vc_row][vc_row][vc_column width=\u00bb1\/3&#8243;]<a href=\"https:\/\/lifestylemogul.net\/es\/ibiza-yacht-charter-40-50ft\/\" target=\"_blank\" class=\"catimage wpb_content_element color-light\" style=\"height: 300px;;\">\n\t\t\t<span style=\"background-image: url(https:\/\/lifestylemogul.net\/wp-content\/uploads\/2020\/01\/LOW-PIX-2.jpg); height: 300px;;\"><\/span>\n\t\t\t<div class=\"catimage-overlay clearfix\" style=\"height: 300px;;\">\n\t\t\t\t<div class=\"catimage-text\">40ft+ barcos a motor<\/div>\n\t\t\t<\/div><\/a>[\/vc_column][vc_column width=\u00bb1\/3&#8243;]<a href=\"https:\/\/lifestylemogul.net\/es\/ibiza-yacht-charter-50-60ft\/\" target=\"_blank\" class=\"catimage wpb_content_element color-light\" style=\"height: 300px;;\">\n\t\t\t<span style=\"background-image: url(https:\/\/lifestylemogul.net\/wp-content\/uploads\/2021\/01\/princessv53_lifestylemogul_7.jpg); height: 300px;;\"><\/span>\n\t\t\t<div class=\"catimage-overlay clearfix\" style=\"height: 300px;;\">\n\t\t\t\t<div class=\"catimage-text\">50ft+ barcos a motor<\/div>\n\t\t\t<\/div><\/a>[\/vc_column][vc_column width=\u00bb1\/3&#8243;]<a href=\"https:\/\/lifestylemogul.net\/es\/ibiza-yacht-charter-60-70ft\/\" target=\"_blank\" class=\"catimage wpb_content_element color-light\" style=\"height: 300px;;\">\n\t\t\t<span style=\"background-image: url(https:\/\/lifestylemogul.net\/wp-content\/uploads\/2019\/02\/IBIZA-PERSHING-62-1_kl.jpg); height: 300px;;\"><\/span>\n\t\t\t<div class=\"catimage-overlay clearfix\" style=\"height: 300px;;\">\n\t\t\t\t<div class=\"catimage-text\">60ft+ barcos a motor<\/div>\n\t\t\t<\/div><\/a>[\/vc_column][\/vc_row][vc_row][vc_column width=\u00bb1\/1&#8243;]<div class=\"spacer\" style=\"height: 40px;\"><\/div>[\/vc_column][\/vc_row][vc_row][vc_column width=\u00bb1\/3&#8243;]<a href=\"https:\/\/lifestylemogul.net\/es\/ibiza-yacht-charter-70-80ft\/\" target=\"_blank\" class=\"catimage wpb_content_element color-light\" style=\"height: 300px;;\">\n\t\t\t<span style=\"background-image: url(https:\/\/lifestylemogul.net\/wp-content\/uploads\/2019\/02\/MartinsYachtIbiza_Mangusta_72_2011_023.jpg); height: 300px;;\"><\/span>\n\t\t\t<div class=\"catimage-overlay clearfix\" style=\"height: 300px;;\">\n\t\t\t\t<div class=\"catimage-text\">70ft+ yates a motor<\/div>\n\t\t\t<\/div><\/a>[\/vc_column][vc_column width=\u00bb1\/3&#8243;]<a href=\"https:\/\/lifestylemogul.net\/es\/ibiza-yacht-charter-80-90ft\/\" target=\"_blank\" class=\"catimage wpb_content_element color-light\" style=\"height: 300px;;\">\n\t\t\t<span style=\"background-image: url(https:\/\/lifestylemogul.net\/wp-content\/uploads\/2020\/01\/sunseekerpredator84_1_lifestylemogul.jpg); height: 300px;;\"><\/span>\n\t\t\t<div class=\"catimage-overlay clearfix\" style=\"height: 300px;;\">\n\t\t\t\t<div class=\"catimage-text\">80ft+ yates a motor<\/div>\n\t\t\t<\/div><\/a>[\/vc_column][vc_column width=\u00bb1\/3&#8243;]<a href=\"https:\/\/lifestylemogul.net\/es\/ibiza-yacht-charter-90ft\/\" target=\"_blank\" class=\"catimage wpb_content_element color-light\" style=\"height: 300px;;\">\n\t\t\t<span style=\"background-image: url(https:\/\/lifestylemogul.net\/wp-content\/uploads\/2020\/01\/mangusta92_lifestylemogul_1.jpg); height: 300px;;\"><\/span>\n\t\t\t<div class=\"catimage-overlay clearfix\" style=\"height: 300px;;\">\n\t\t\t\t<div class=\"catimage-text\">90ft+ yates a motor<\/div>\n\t\t\t<\/div><\/a>[\/vc_column][\/vc_row]<\/p>\n<\/div>","protected":false},"excerpt":{"rendered":"<p>[vc_row][vc_column width=\u00bb1\/1&#8243;][\/vc_column][\/vc_row][vc_row][vc_column width=\u00bb1\/1&#8243;][\/vc_column][\/vc_row][vc_row][vc_column width=\u00bb1\/3&#8243;][\/vc_column][vc_column width=\u00bb1\/3&#8243;][\/vc_column][vc_column width=\u00bb1\/3&#8243;][\/vc_column][\/vc_row][vc_row][vc_column width=\u00bb1\/1&#8243;][\/vc_column][\/vc_row][vc_row][vc_column width=\u00bb1\/3&#8243;][\/vc_column][vc_column width=\u00bb1\/3&#8243;][\/vc_column][vc_column width=\u00bb1\/3&#8243;][\/vc_column][\/vc_row][vc_row][vc_column width=\u00bb1\/1&#8243;][\/vc_column][\/vc_row][vc_row][vc_column width=\u00bb1\/3&#8243;][\/vc_column][vc_column width=\u00bb1\/3&#8243;][\/vc_column][vc_column width=\u00bb1\/3&#8243;][\/vc_column][\/vc_row]<\/p>\n","protected":false},"author":2,"featured_media":0,"parent":0,"menu_order":0,"comment_status":"closed","ping_status":"closed","template":"","meta":{"om_disable_all_campaigns":false,"footnotes":""},"class_list":["post-17965","page","type-page","status-publish","hentry"],"aioseo_notices":[],"_links":{"self":[{"href":"https:\/\/lifestylemogul.net\/es\/wp-json\/wp\/v2\/pages\/17965","targetHints":{"allow":["GET"]}}],"collection":[{"href":"https:\/\/lifestylemogul.net\/es\/wp-json\/wp\/v2\/pages"}],"about":[{"href":"https:\/\/lifestylemogul.net\/es\/wp-json\/wp\/v2\/types\/page"}],"author":[{"embeddable":true,"href":"https:\/\/lifestylemogul.net\/es\/wp-json\/wp\/v2\/users\/2"}],"replies":[{"embeddable":true,"href":"https:\/\/lifestylemogul.net\/es\/wp-json\/wp\/v2\/comments?post=17965"}],"version-history":[{"count":3,"href":"https:\/\/lifestylemogul.net\/es\/wp-json\/wp\/v2\/pages\/17965\/revisions"}],"predecessor-version":[{"id":19056,"href":"https:\/\/lifestylemogul.net\/es\/wp-json\/wp\/v2\/pages\/17965\/revisions\/19056"}],"wp:attachment":[{"href":"https:\/\/lifestylemogul.net\/es\/wp-json\/wp\/v2\/media?parent=17965"}],"curies":[{"name":"wp","href":"https:\/\/api.w.org\/{rel}","templated":true}]}}